{"id":47,"date":"2023-08-16T09:56:11","date_gmt":"2023-08-16T09:56:11","guid":{"rendered":"https:\/\/www.telephonie-bourguignone.fr\/?page_id=47"},"modified":"2023-08-16T20:19:51","modified_gmt":"2023-08-16T20:19:51","slug":"accueil-2","status":"publish","type":"page","link":"https:\/\/www.telephonie-bourguignone.fr\/","title":{"rendered":"Accueil"},"content":{"rendered":"\n<div class=\"wp-block-cover alignfull is-light hestia-clear-top-padding\"><span aria-hidden=\"true\" class=\"wp-block-cover__background has-white-background-color has-background-dim-100 has-background-dim\"><\/span><div class=\"wp-block-cover__inner-container is-layout-flow wp-block-cover-is-layout-flow\">\n<h2 class=\"wp-block-heading has-text-align-center has-text-color\" style=\"color:#3c4858\">Services et Prestations de proximit\u00e9<\/h2>\n\n\n\n<div style=\"height:40px\" aria-hidden=\"true\" class=\"wp-block-spacer\"><\/div>\n\n\n\n<div class=\"wp-block-columns container is-layout-flex wp-container-core-columns-is-layout-28f84493 wp-block-columns-is-layout-flex\">\n<div class=\"wp-block-column is-layout-flow wp-block-column-is-layout-flow\"><div class=\"wp-block-image\">\n<figure class=\"aligncenter size-large\"><img decoding=\"async\" src=\"https:\/\/www.telephonie-bourguignone.fr\/wp-content\/themes\/hestia\/assets\/img\/feat1.png\" alt=\"\" class=\"wp-image-70\"\/><\/figure>\n<\/div>\n\n\n<h5 class=\"wp-block-heading has-text-align-center has-text-color\" style=\"color:#3c4858;font-size:18px\">Expertise<\/h5>\n\n\n\n<p class=\"has-text-align-center has-text-color\" style=\"color:#999999;font-size:14px\">\u00c9valuation de votre besoin sur site <strong>GRATUIT <\/strong>avec un technicien conseil dans tout le d\u00e9partement 89 avec nos 3 agences : <\/p>\n\n\n\n<p class=\"has-text-align-center has-text-color\" style=\"color:#999999;font-size:14px\"><strong>SENS, APPOIGNY et ST FLORENTIN<\/strong><\/p>\n\n\n\n<div style=\"height:25px\" aria-hidden=\"true\" class=\"wp-block-spacer\"><\/div>\n<\/div>\n\n\n\n<div class=\"wp-block-column is-layout-flow wp-block-column-is-layout-flow\"><div class=\"wp-block-image\">\n<figure class=\"aligncenter size-large\"><img decoding=\"async\" src=\"https:\/\/www.telephonie-bourguignone.fr\/wp-content\/themes\/hestia\/assets\/img\/feat2.png\" alt=\"\" class=\"wp-image-71\"\/><\/figure>\n<\/div>\n\n\n<h5 class=\"wp-block-heading has-text-align-center has-text-color\" style=\"color:#3c4858;font-size:18px\">Mat\u00e9riel<\/h5>\n\n\n\n<p class=\"has-text-align-center has-text-color\" style=\"color:#999999;font-size:14px\">\u00c9quipement en mat\u00e9riels Neufs ou reconditionn\u00e9s. Mise \u00e0 niveau de vos \u00c9quipements existants pour le passage en VOIP, solution \u00e9volutive \u00e0 moindre cout. <\/p>\n\n\n\n<div style=\"height:25px\" aria-hidden=\"true\" class=\"wp-block-spacer\"><\/div>\n<\/div>\n\n\n\n<div class=\"wp-block-column is-layout-flow wp-block-column-is-layout-flow\"><div class=\"wp-block-image\">\n<figure class=\"aligncenter size-large\"><img decoding=\"async\" src=\"https:\/\/www.telephonie-bourguignone.fr\/wp-content\/themes\/hestia\/assets\/img\/feat3.png\" alt=\"\" class=\"wp-image-72\"\/><\/figure>\n<\/div>\n\n\n<h5 class=\"wp-block-heading has-text-align-center has-text-color\" style=\"color:#3c4858;font-size:18px\">Assistance<\/h5>\n\n\n\n<p class=\"has-text-align-center has-text-color\" style=\"color:#999999;font-size:14px\">Assistance t\u00e9l\u00e9phonique, T\u00e9l\u00e9 gestion et intervention sur site, du lundi au samedi INCLUS de 8h \u00e0 19h sans interruption<\/p>\n\n\n\n<div style=\"height:25px\" aria-hidden=\"true\" class=\"wp-block-spacer\"><\/div>\n<\/div>\n<\/div>\n\n\n\n<div style=\"height:40px\" aria-hidden=\"true\" class=\"wp-block-spacer\"><\/div>\n<\/div><\/div>\n\n\n\n<div class=\"wp-block-columns container is-layout-flex wp-container-core-columns-is-layout-28f84493 wp-block-columns-is-layout-flex\">\n<div class=\"wp-block-column col-md-5 is-layout-flow wp-block-column-is-layout-flow\">\n<div style=\"height:55px\" aria-hidden=\"true\" class=\"wp-block-spacer\"><\/div>\n\n\n\n<h2 class=\"wp-block-heading\">Le GROUPE<\/h2>\n\n\n\n<p>SOS INFORMATIQUE, partenaire de proximit\u00e9 dans la vente, l&rsquo;installation et le d\u00e9pannage informatique pour les entreprises depuis 2005, a ouvert son d\u00e9partement t\u00e9l\u00e9phonie en 2019 avec l&rsquo;arriv\u00e9e de la VOIP (voix sur IP). Christophe DABADIE expert depuis plus de 30 ans dans la bourgogne pour \u00e0 rejoint l&rsquo;\u00e9quipe en 2022 pour acc\u00e9l\u00e9rer et faciliter la transition num\u00e9rique de la t\u00e9l\u00e9phonie d&rsquo;entreprise de nos clients. Plus humain, plus proche &#8230; .. .SOS INFORMATIQUE vous accompagne un peu plus chaque jour.<\/p>\n<\/div>\n\n\n\n<div class=\"wp-block-column col-md-6 col-md-offset1 is-layout-flow wp-block-column-is-layout-flow\">\n<div style=\"height:55px\" aria-hidden=\"true\" class=\"wp-block-spacer\"><\/div>\n\n\n\n<figure class=\"wp-block-image size-large is-style-default\"><img loading=\"lazy\" decoding=\"async\" width=\"800\" height=\"600\" src=\"https:\/\/www.telephonie-bourguignone.fr\/wp-content\/uploads\/2023\/08\/Photo-7.jpg\" alt=\"\" class=\"wp-image-79\" srcset=\"https:\/\/www.telephonie-bourguignone.fr\/wp-content\/uploads\/2023\/08\/Photo-7.jpg 800w, https:\/\/www.telephonie-bourguignone.fr\/wp-content\/uploads\/2023\/08\/Photo-7-300x225.jpg 300w, https:\/\/www.telephonie-bourguignone.fr\/wp-content\/uploads\/2023\/08\/Photo-7-768x576.jpg 768w\" sizes=\"auto, (max-width: 800px) 100vw, 800px\" \/><\/figure>\n\n\n\n<p><\/p>\n<\/div>\n<\/div>\n","protected":false},"excerpt":{"rendered":"<p>Le GROUPE SOS INFORMATIQUE, partenaire de proximit\u00e9 dans la vente, l&rsquo;installation et le d\u00e9pannage informatique pour les entreprises depuis 2005, a ouvert son d\u00e9partement t\u00e9l\u00e9phonie en 2019 avec l&rsquo;arriv\u00e9e de la VOIP (voix sur IP). Christophe DABADIE expert depuis plus de 30 ans dans la bourgogne pour \u00e0 rejoint l&rsquo;\u00e9quipe [&hellip;]<\/p>\n","protected":false},"author":1,"featured_media":0,"parent":0,"menu_order":0,"comment_status":"closed","ping_status":"closed","template":"","meta":{"footnotes":""},"class_list":["post-47","page","type-page","status-publish","hentry"],"yoast_head":"<!-- This site is optimized with the Yoast SEO plugin v24.0 - https:\/\/yoast.com\/wordpress\/plugins\/seo\/ -->\n<title>Accueil - La T\u00e9l\u00e9phonie Professionnelle en Bourgogne<\/title>\n<meta name=\"robots\" content=\"index, follow, max-snippet:-1, max-image-preview:large, max-video-preview:-1\" \/>\n<link rel=\"canonical\" href=\"https:\/\/www.telephonie-bourguignone.fr\/\" \/>\n<meta property=\"og:locale\" content=\"fr_FR\" \/>\n<meta property=\"og:type\" content=\"article\" \/>\n<meta property=\"og:title\" content=\"Accueil - La T\u00e9l\u00e9phonie Professionnelle en Bourgogne\" \/>\n<meta property=\"og:description\" content=\"Le GROUPE SOS INFORMATIQUE, partenaire de proximit\u00e9 dans la vente, l&rsquo;installation et le d\u00e9pannage informatique pour les entreprises depuis 2005, a ouvert son d\u00e9partement t\u00e9l\u00e9phonie en 2019 avec l&rsquo;arriv\u00e9e de la VOIP (voix sur IP). Christophe DABADIE expert depuis plus de 30 ans dans la bourgogne pour \u00e0 rejoint l&rsquo;\u00e9quipe [&hellip;]\" \/>\n<meta property=\"og:url\" content=\"https:\/\/www.telephonie-bourguignone.fr\/\" \/>\n<meta property=\"og:site_name\" content=\"La T\u00e9l\u00e9phonie Professionnelle en Bourgogne\" \/>\n<meta property=\"article:modified_time\" content=\"2023-08-16T20:19:51+00:00\" \/>\n<meta property=\"og:image\" content=\"https:\/\/www.telephonie-bourguignone.fr\/wp-content\/themes\/hestia\/assets\/img\/feat1.png\" \/>\n<meta name=\"twitter:card\" content=\"summary_large_image\" \/>\n<meta name=\"twitter:label1\" content=\"Dur\u00e9e de lecture estim\u00e9e\" \/>\n\t<meta name=\"twitter:data1\" content=\"2 minutes\" \/>\n<script type=\"application\/ld+json\" class=\"yoast-schema-graph\">{\"@context\":\"https:\/\/schema.org\",\"@graph\":[{\"@type\":\"WebPage\",\"@id\":\"https:\/\/www.telephonie-bourguignone.fr\/\",\"url\":\"https:\/\/www.telephonie-bourguignone.fr\/\",\"name\":\"Accueil - La T\u00e9l\u00e9phonie Professionnelle en Bourgogne\",\"isPartOf\":{\"@id\":\"https:\/\/www.telephonie-bourguignone.fr\/#website\"},\"primaryImageOfPage\":{\"@id\":\"https:\/\/www.telephonie-bourguignone.fr\/#primaryimage\"},\"image\":{\"@id\":\"https:\/\/www.telephonie-bourguignone.fr\/#primaryimage\"},\"thumbnailUrl\":\"https:\/\/www.telephonie-bourguignone.fr\/wp-content\/themes\/hestia\/assets\/img\/feat1.png\",\"datePublished\":\"2023-08-16T09:56:11+00:00\",\"dateModified\":\"2023-08-16T20:19:51+00:00\",\"breadcrumb\":{\"@id\":\"https:\/\/www.telephonie-bourguignone.fr\/#breadcrumb\"},\"inLanguage\":\"fr-FR\",\"potentialAction\":[{\"@type\":\"ReadAction\",\"target\":[\"https:\/\/www.telephonie-bourguignone.fr\/\"]}]},{\"@type\":\"ImageObject\",\"inLanguage\":\"fr-FR\",\"@id\":\"https:\/\/www.telephonie-bourguignone.fr\/#primaryimage\",\"url\":\"https:\/\/www.telephonie-bourguignone.fr\/wp-content\/themes\/hestia\/assets\/img\/feat1.png\",\"contentUrl\":\"https:\/\/www.telephonie-bourguignone.fr\/wp-content\/themes\/hestia\/assets\/img\/feat1.png\"},{\"@type\":\"BreadcrumbList\",\"@id\":\"https:\/\/www.telephonie-bourguignone.fr\/#breadcrumb\",\"itemListElement\":[{\"@type\":\"ListItem\",\"position\":1,\"name\":\"Accueil\",\"item\":\"https:\/\/www.telephonie-bourguignone.fr\/\"},{\"@type\":\"ListItem\",\"position\":2,\"name\":\"Accueil\"}]},{\"@type\":\"WebSite\",\"@id\":\"https:\/\/www.telephonie-bourguignone.fr\/#website\",\"url\":\"https:\/\/www.telephonie-bourguignone.fr\/\",\"name\":\"La T\u00e9l\u00e9phonie Professionnelle en Bourgogne\",\"description\":\"La T\u00e9l\u00e9phonie d&#039;Entreprise de proximit\u00e9\",\"publisher\":{\"@id\":\"https:\/\/www.telephonie-bourguignone.fr\/#organization\"},\"potentialAction\":[{\"@type\":\"SearchAction\",\"target\":{\"@type\":\"EntryPoint\",\"urlTemplate\":\"https:\/\/www.telephonie-bourguignone.fr\/?s={search_term_string}\"},\"query-input\":{\"@type\":\"PropertyValueSpecification\",\"valueRequired\":true,\"valueName\":\"search_term_string\"}}],\"inLanguage\":\"fr-FR\"},{\"@type\":\"Organization\",\"@id\":\"https:\/\/www.telephonie-bourguignone.fr\/#organization\",\"name\":\"La T\u00e9l\u00e9phonie Professionnelle en Bourgogne\",\"url\":\"https:\/\/www.telephonie-bourguignone.fr\/\",\"logo\":{\"@type\":\"ImageObject\",\"inLanguage\":\"fr-FR\",\"@id\":\"https:\/\/www.telephonie-bourguignone.fr\/#\/schema\/logo\/image\/\",\"url\":\"https:\/\/www.telephonie-bourguignone.fr\/wp-content\/uploads\/2023\/08\/cropped-cropped-EnseigneTRANSPARENTsanseffe.gif\",\"contentUrl\":\"https:\/\/www.telephonie-bourguignone.fr\/wp-content\/uploads\/2023\/08\/cropped-cropped-EnseigneTRANSPARENTsanseffe.gif\",\"width\":150,\"height\":67,\"caption\":\"La T\u00e9l\u00e9phonie Professionnelle en Bourgogne\"},\"image\":{\"@id\":\"https:\/\/www.telephonie-bourguignone.fr\/#\/schema\/logo\/image\/\"}}]}<\/script>\n<!-- \/ Yoast SEO plugin. -->","yoast_head_json":{"title":"Accueil - La T\u00e9l\u00e9phonie Professionnelle en Bourgogne","robots":{"index":"index","follow":"follow","max-snippet":"max-snippet:-1","max-image-preview":"max-image-preview:large","max-video-preview":"max-video-preview:-1"},"canonical":"https:\/\/www.telephonie-bourguignone.fr\/","og_locale":"fr_FR","og_type":"article","og_title":"Accueil - La T\u00e9l\u00e9phonie Professionnelle en Bourgogne","og_description":"Le GROUPE SOS INFORMATIQUE, partenaire de proximit\u00e9 dans la vente, l&rsquo;installation et le d\u00e9pannage informatique pour les entreprises depuis 2005, a ouvert son d\u00e9partement t\u00e9l\u00e9phonie en 2019 avec l&rsquo;arriv\u00e9e de la VOIP (voix sur IP). Christophe DABADIE expert depuis plus de 30 ans dans la bourgogne pour \u00e0 rejoint l&rsquo;\u00e9quipe [&hellip;]","og_url":"https:\/\/www.telephonie-bourguignone.fr\/","og_site_name":"La T\u00e9l\u00e9phonie Professionnelle en Bourgogne","article_modified_time":"2023-08-16T20:19:51+00:00","og_image":[{"url":"https:\/\/www.telephonie-bourguignone.fr\/wp-content\/themes\/hestia\/assets\/img\/feat1.png","type":"","width":"","height":""}],"twitter_card":"summary_large_image","twitter_misc":{"Dur\u00e9e de lecture estim\u00e9e":"2 minutes"},"schema":{"@context":"https:\/\/schema.org","@graph":[{"@type":"WebPage","@id":"https:\/\/www.telephonie-bourguignone.fr\/","url":"https:\/\/www.telephonie-bourguignone.fr\/","name":"Accueil - La T\u00e9l\u00e9phonie Professionnelle en Bourgogne","isPartOf":{"@id":"https:\/\/www.telephonie-bourguignone.fr\/#website"},"primaryImageOfPage":{"@id":"https:\/\/www.telephonie-bourguignone.fr\/#primaryimage"},"image":{"@id":"https:\/\/www.telephonie-bourguignone.fr\/#primaryimage"},"thumbnailUrl":"https:\/\/www.telephonie-bourguignone.fr\/wp-content\/themes\/hestia\/assets\/img\/feat1.png","datePublished":"2023-08-16T09:56:11+00:00","dateModified":"2023-08-16T20:19:51+00:00","breadcrumb":{"@id":"https:\/\/www.telephonie-bourguignone.fr\/#breadcrumb"},"inLanguage":"fr-FR","potentialAction":[{"@type":"ReadAction","target":["https:\/\/www.telephonie-bourguignone.fr\/"]}]},{"@type":"ImageObject","inLanguage":"fr-FR","@id":"https:\/\/www.telephonie-bourguignone.fr\/#primaryimage","url":"https:\/\/www.telephonie-bourguignone.fr\/wp-content\/themes\/hestia\/assets\/img\/feat1.png","contentUrl":"https:\/\/www.telephonie-bourguignone.fr\/wp-content\/themes\/hestia\/assets\/img\/feat1.png"},{"@type":"BreadcrumbList","@id":"https:\/\/www.telephonie-bourguignone.fr\/#breadcrumb","itemListElement":[{"@type":"ListItem","position":1,"name":"Accueil","item":"https:\/\/www.telephonie-bourguignone.fr\/"},{"@type":"ListItem","position":2,"name":"Accueil"}]},{"@type":"WebSite","@id":"https:\/\/www.telephonie-bourguignone.fr\/#website","url":"https:\/\/www.telephonie-bourguignone.fr\/","name":"La T\u00e9l\u00e9phonie Professionnelle en Bourgogne","description":"La T\u00e9l\u00e9phonie d&#039;Entreprise de proximit\u00e9","publisher":{"@id":"https:\/\/www.telephonie-bourguignone.fr\/#organization"},"potentialAction":[{"@type":"SearchAction","target":{"@type":"EntryPoint","urlTemplate":"https:\/\/www.telephonie-bourguignone.fr\/?s={search_term_string}"},"query-input":{"@type":"PropertyValueSpecification","valueRequired":true,"valueName":"search_term_string"}}],"inLanguage":"fr-FR"},{"@type":"Organization","@id":"https:\/\/www.telephonie-bourguignone.fr\/#organization","name":"La T\u00e9l\u00e9phonie Professionnelle en Bourgogne","url":"https:\/\/www.telephonie-bourguignone.fr\/","logo":{"@type":"ImageObject","inLanguage":"fr-FR","@id":"https:\/\/www.telephonie-bourguignone.fr\/#\/schema\/logo\/image\/","url":"https:\/\/www.telephonie-bourguignone.fr\/wp-content\/uploads\/2023\/08\/cropped-cropped-EnseigneTRANSPARENTsanseffe.gif","contentUrl":"https:\/\/www.telephonie-bourguignone.fr\/wp-content\/uploads\/2023\/08\/cropped-cropped-EnseigneTRANSPARENTsanseffe.gif","width":150,"height":67,"caption":"La T\u00e9l\u00e9phonie Professionnelle en Bourgogne"},"image":{"@id":"https:\/\/www.telephonie-bourguignone.fr\/#\/schema\/logo\/image\/"}}]}},"_links":{"self":[{"href":"https:\/\/www.telephonie-bourguignone.fr\/index.php\/wp-json\/wp\/v2\/pages\/47","targetHints":{"allow":["GET"]}}],"collection":[{"href":"https:\/\/www.telephonie-bourguignone.fr\/index.php\/wp-json\/wp\/v2\/pages"}],"about":[{"href":"https:\/\/www.telephonie-bourguignone.fr\/index.php\/wp-json\/wp\/v2\/types\/page"}],"author":[{"embeddable":true,"href":"https:\/\/www.telephonie-bourguignone.fr\/index.php\/wp-json\/wp\/v2\/users\/1"}],"replies":[{"embeddable":true,"href":"https:\/\/www.telephonie-bourguignone.fr\/index.php\/wp-json\/wp\/v2\/comments?post=47"}],"version-history":[{"count":16,"href":"https:\/\/www.telephonie-bourguignone.fr\/index.php\/wp-json\/wp\/v2\/pages\/47\/revisions"}],"predecessor-version":[{"id":151,"href":"https:\/\/www.telephonie-bourguignone.fr\/index.php\/wp-json\/wp\/v2\/pages\/47\/revisions\/151"}],"wp:attachment":[{"href":"https:\/\/www.telephonie-bourguignone.fr\/index.php\/wp-json\/wp\/v2\/media?parent=47"}],"curies":[{"name":"wp","href":"https:\/\/api.w.org\/{rel}","templated":true}]}}